{"id":81,"date":"2020-08-18T09:52:46","date_gmt":"2020-08-18T08:52:46","guid":{"rendered":"http:\/\/192.168.0.10\/tab\/tab-tickets\/?page_id=81"},"modified":"2020-08-18T09:55:58","modified_gmt":"2020-08-18T08:55:58","slug":"presse","status":"publish","type":"page","link":"https:\/\/tab-ticketbroker.de\/en\/presse\/","title":{"rendered":"Presse"},"content":{"rendered":"<h1 class=\"wp-block-heading\">Presse<\/h1>\n\n\n\n<h4 class=\"wp-block-heading\">Verbraucherdienst e.V.<\/h4>\n\n\n\n<p>(24.7.2015)<\/p>\n\n\n\n<p><em>&#8222;Es gibt seri\u00f6se Online-Anbieter wie Oktoberfest-Tischreservierungen.de&nbsp;<\/em>&nbsp;\u2013&nbsp;<em>aber auch andere Ticketagenturen,&nbsp;zum Beispiel private und nicht immer seri\u00f6se Anbieter bei eBay&#8220;<\/em><\/p>\n\n\n\n<h4 class=\"wp-block-heading\">S\u00fcddeutsche Zeitung<\/h4>\n\n\n\n<p>(30.8.2014)<\/p>\n\n\n\n<p><em>&#8222;Seit sechs Jahren handelt tab ticketbroker mit einem raren Gut: Wiesn-Tischen in den gro\u00dfen Zelten des Oktoberfests&#8220;<\/em><\/p>\n\n\n\n<h4 class=\"wp-block-heading\">Focus<\/h4>\n\n\n\n<p>(17.5.2011)<\/p>\n\n\n\n<p><em>&#8222;Tab Ticketbroker verkauft \u00fcber das Internet Reservierungen f\u00fcr das wohl bekannteste Volksfest der Welt. Kunden seien haupts\u00e4chlich Firmen, die sicher gehen wollten, dass ihre Angestellten auch einen Platz bek\u00e4men&#8220;<\/em><\/p>\n\n\n\n<h4 class=\"wp-block-heading\">Bild Zeitung<\/h4>\n\n\n\n<p>(12.8.2014)<\/p>\n\n\n\n<p><em>&#8222;Millionen Menschen haben es auf die begehrten Pl\u00e4tze in den Festzelten auf der Theresienwiese abgesehen. Startup Unternehmer Florian Kosak verkauft Wiesn-Tisch-Reservierungen im Internet&#8220;<\/em><\/p>\n\n\n\n<h4 class=\"wp-block-heading\">Die Welt<\/h4>\n\n\n\n<p>(18.5.2011)<\/p>\n\n\n\n<p><em>&#8222;Ticketagentur Tab Ticketbroker verkauft \u00fcber das Internet Reservierungen f\u00fcr das Oktoberfest&#8220;<\/em><\/p>\n\n\n\n<h4 class=\"wp-block-heading\">TZ M\u00fcnchen<\/h4>\n\n\n\n<p>(11.2.2013)<\/p>\n\n\n\n<p><em>&#8222;Da l\u00e4uft viel \u00fcber Firmen, die einen Teil ihrer reservierten Pl\u00e4tze verkaufen. Tab Ticketbroker\u201c best\u00e4tigt das: \u201eFirmen, die von acht Tischen nur sieben nutzen, geben an uns den \u00fcbersch\u00fcssigen weiter und wir vermitteln diesen dann f\u00fcr die Firma&#8220;<\/em><\/p>\n\n\n\n<h4 class=\"wp-block-heading\">Abendzeitung M\u00fcnchen<\/h4>\n\n\n\n<p>(1.10.2014)<\/p>\n\n\n\n<p><em>&#8222;Es gibt gro\u00dfe, offizielle H\u00e4ndler wie \u201etab ticketbroker\u201c aus Berlin, die gewerblich Tischreservierungen auf dem Oktoberfest verkaufen. Auf das Angebot der Agentur greift nat\u00fcrlich kein M\u00fcnchner Normalo zur\u00fcck, wenn er bei der Tischvergabe wieder einmal leer ausgeht sondern zu \u00fcber 90 Prozent sind es gro\u00dfe Firmen&#8220;<\/em><\/p>\n\n\n\n<h4 class=\"wp-block-heading\">Deutsche Startups<\/h4>\n\n\n\n<p>(8.3.2013)<\/p>\n\n\n\n<p><em>&#8222;tab ticketbroker aus Berlin ist ein europaweit t\u00e4tiger Ticketvermittler und -vermarkter f\u00fcr verschiedene Live-Events.&#8220;<\/em><\/p>\n\n\n\n<h4 class=\"wp-block-heading\">Venture Village<\/h4>\n\n\n\n<p>(17.7.2013)<\/p>\n\n\n\n<p><em>&#8222;In 2012, Redalpine \u2013 through a collaboration with Berlin-based accelerator MAS Angel Fund \u2013 announced its investment in Tab Ticketbroker&#8220;<\/em><\/p>\n\n\n\n<h4 class=\"wp-block-heading\">Gr\u00fcnderszene<\/h4>\n\n\n\n<p>(5.6.2013)<\/p>\n\n\n\n<p><em>&#8222;Das Berliner Startup Tab Ticketbroker, das europaweit Tickets f\u00fcr verschieden Live-Events vermittelt&#8220;<\/em><\/p>","protected":false},"excerpt":{"rendered":"<p>Presse Verbraucherdienst e.V. (24.7.2015) &#8222;Es gibt seri\u00f6se Online-Anbieter wie Oktoberfest-Tischreservierungen.de&nbsp;&nbsp;\u2013&nbsp;aber auch andere Ticketagenturen,&nbsp;zum Beispiel private und nicht immer seri\u00f6se Anbieter bei eBay&#8220; S\u00fcddeutsche Zeitung (30.8.2014) &#8222;Seit sechs Jahren handelt tab ticketbroker mit einem raren Gut: Wiesn-Tischen in den gro\u00dfen Zelten des Oktoberfests&#8220; Focus (17.5.2011) &#8222;Tab Ticketbroker verkauft \u00fcber das Internet Reservierungen f\u00fcr das wohl bekannteste [&hellip;]<\/p>","protected":false},"author":1,"featured_media":0,"parent":0,"menu_order":0,"comment_status":"closed","ping_status":"closed","template":"","meta":{"content-type":"","ocean_post_layout":"left-sidebar","ocean_both_sidebars_style":"","ocean_both_sidebars_content_width":0,"ocean_both_sidebars_sidebars_width":0,"ocean_sidebar":"ocs-informationen-sidebar","ocean_second_sidebar":"0","ocean_disable_margins":"enable","ocean_add_body_class":"","ocean_shortcode_before_top_bar":"","ocean_shortcode_after_top_bar":"","ocean_shortcode_before_header":"","ocean_shortcode_after_header":"","ocean_has_shortcode":"","ocean_shortcode_after_title":"","ocean_shortcode_before_footer_widgets":"","ocean_shortcode_after_footer_widgets":"","ocean_shortcode_before_footer_bottom":"","ocean_shortcode_after_footer_bottom":"","ocean_display_top_bar":"default","ocean_display_header":"default","ocean_header_style":"","ocean_center_header_left_menu":"0","ocean_custom_header_template":"0","ocean_custom_logo":0,"ocean_custom_retina_logo":0,"ocean_custom_logo_max_width":0,"ocean_custom_logo_tablet_max_width":0,"ocean_custom_logo_mobile_max_width":0,"ocean_custom_logo_max_height":0,"ocean_custom_logo_tablet_max_height":0,"ocean_custom_logo_mobile_max_height":0,"ocean_header_custom_menu":"0","ocean_menu_typo_font_family":"0","ocean_menu_typo_font_subset":"","ocean_menu_typo_font_size":0,"ocean_menu_typo_font_size_tablet":0,"ocean_menu_typo_font_size_mobile":0,"ocean_menu_typo_font_size_unit":"px","ocean_menu_typo_font_weight":"","ocean_menu_typo_font_weight_tablet":"","ocean_menu_typo_font_weight_mobile":"","ocean_menu_typo_transform":"","ocean_menu_typo_transform_tablet":"","ocean_menu_typo_transform_mobile":"","ocean_menu_typo_line_height":0,"ocean_menu_typo_line_height_tablet":0,"ocean_menu_typo_line_height_mobile":0,"ocean_menu_typo_line_height_unit":"","ocean_menu_typo_spacing":0,"ocean_menu_typo_spacing_tablet":0,"ocean_menu_typo_spacing_mobile":0,"ocean_menu_typo_spacing_unit":"","ocean_menu_link_color":"","ocean_menu_link_color_hover":"","ocean_menu_link_color_active":"","ocean_menu_link_background":"","ocean_menu_link_hover_background":"","ocean_menu_link_active_background":"","ocean_menu_social_links_bg":"","ocean_menu_social_hover_links_bg":"","ocean_menu_social_links_color":"","ocean_menu_social_hover_links_color":"","ocean_disable_title":"default","ocean_disable_heading":"default","ocean_post_title":"","ocean_post_subheading":"","ocean_post_title_style":"","ocean_post_title_background_color":"","ocean_post_title_background":0,"ocean_post_title_bg_image_position":"","ocean_post_title_bg_image_attachment":"","ocean_post_title_bg_image_repeat":"","ocean_post_title_bg_image_size":"","ocean_post_title_height":0,"ocean_post_title_bg_overlay":0.5,"ocean_post_title_bg_overlay_color":"","ocean_disable_breadcrumbs":"default","ocean_breadcrumbs_color":"","ocean_breadcrumbs_separator_color":"","ocean_breadcrumbs_links_color":"","ocean_breadcrumbs_links_hover_color":"","ocean_display_footer_widgets":"default","ocean_display_footer_bottom":"default","ocean_custom_footer_template":"0","footnotes":""},"categories":[33],"tags":[],"class_list":["post-81","page","type-page","status-publish","hentry","category-informationen","entry","owp-thumbs-layout-horizontal","owp-btn-very-big","owp-tabs-layout-section","has-no-thumbnails"],"_links":{"self":[{"href":"https:\/\/tab-ticketbroker.de\/en\/wp-json\/wp\/v2\/pages\/81","targetHints":{"allow":["GET"]}}],"collection":[{"href":"https:\/\/tab-ticketbroker.de\/en\/wp-json\/wp\/v2\/pages"}],"about":[{"href":"https:\/\/tab-ticketbroker.de\/en\/wp-json\/wp\/v2\/types\/page"}],"author":[{"embeddable":true,"href":"https:\/\/tab-ticketbroker.de\/en\/wp-json\/wp\/v2\/users\/1"}],"replies":[{"embeddable":true,"href":"https:\/\/tab-ticketbroker.de\/en\/wp-json\/wp\/v2\/comments?post=81"}],"version-history":[{"count":1,"href":"https:\/\/tab-ticketbroker.de\/en\/wp-json\/wp\/v2\/pages\/81\/revisions"}],"predecessor-version":[{"id":82,"href":"https:\/\/tab-ticketbroker.de\/en\/wp-json\/wp\/v2\/pages\/81\/revisions\/82"}],"wp:attachment":[{"href":"https:\/\/tab-ticketbroker.de\/en\/wp-json\/wp\/v2\/media?parent=81"}],"wp:term":[{"taxonomy":"category","embeddable":true,"href":"https:\/\/tab-ticketbroker.de\/en\/wp-json\/wp\/v2\/categories?post=81"},{"taxonomy":"post_tag","embeddable":true,"href":"https:\/\/tab-ticketbroker.de\/en\/wp-json\/wp\/v2\/tags?post=81"}],"curies":[{"name":"wp","href":"https:\/\/api.w.org\/{rel}","templated":true}]}}