{"id":72,"date":"2020-08-18T09:46:08","date_gmt":"2020-08-18T08:46:08","guid":{"rendered":"http:\/\/192.168.0.10\/tab\/tab-tickets\/?page_id=72"},"modified":"2025-10-01T12:30:16","modified_gmt":"2025-10-01T10:30:16","slug":"agb","status":"publish","type":"page","link":"https:\/\/tab-ticketbroker.de\/en\/agb\/","title":{"rendered":"T&amp;Cs"},"content":{"rendered":"<div data-elementor-type=\"wp-page\" data-elementor-id=\"72\" class=\"elementor elementor-72\" data-elementor-post-type=\"page\">\n\t\t\t\t\t\t<section class=\"elementor-section elementor-top-section elementor-element elementor-element-cdae7d8 elementor-section-boxed elementor-section-height-default elementor-section-height-default\" data-id=\"cdae7d8\" data-element_type=\"section\">\n\t\t\t\t\t\t<div class=\"elementor-container elementor-column-gap-default\">\n\t\t\t\t\t<div class=\"elementor-column elementor-col-100 elementor-top-column elementor-element elementor-element-f25c7d8\" data-id=\"f25c7d8\" data-element_type=\"column\">\n\t\t\t<div class=\"elementor-widget-wrap elementor-element-populated\">\n\t\t\t\t\t\t<div class=\"elementor-element elementor-element-35a0c0e elementor-widget elementor-widget-heading\" data-id=\"35a0c0e\" data-element_type=\"widget\" data-widget_type=\"heading.default\">\n\t\t\t\t<div class=\"elementor-widget-container\">\n\t\t\t\t\t<h4 class=\"elementor-heading-title elementor-size-default\">AGB &amp; Informationsseite<\/h4>\t\t\t\t<\/div>\n\t\t\t\t<\/div>\n\t\t\t\t\t<\/div>\n\t\t<\/div>\n\t\t\t\t\t<\/div>\n\t\t<\/section>\n\t\t\t\t<section class=\"elementor-section elementor-top-section elementor-element elementor-element-3b91c7ba elementor-section-boxed elementor-section-height-default elementor-section-height-default\" data-id=\"3b91c7ba\" data-element_type=\"section\">\n\t\t\t\t\t\t<div class=\"elementor-container elementor-column-gap-default\">\n\t\t\t\t\t<div class=\"elementor-column elementor-col-100 elementor-top-column elementor-element elementor-element-3b478fd2\" data-id=\"3b478fd2\" data-element_type=\"column\">\n\t\t\t<div class=\"elementor-widget-wrap elementor-element-populated\">\n\t\t\t\t\t\t<div class=\"elementor-element elementor-element-5159b71c elementor-widget elementor-widget-text-editor\" data-id=\"5159b71c\" data-element_type=\"widget\" data-widget_type=\"text-editor.default\">\n\t\t\t\t<div class=\"elementor-widget-container\">\n\t\t\t\t\t\t\t\t\t<p>Mit dieser Info-Seite unterrichten wir Sie \u00fcber die einzelnen Schritte bis zum Abschluss eines Kaufvertrages, um Ihnen den Bestellablauf entsprechend den gesetzlichen Bestimmungen so transparent wie m\u00f6glich darzustellen.<\/p>\n<p><strong>1. Ihre Auswahl \u2013 Ihr Angebot an uns:<\/strong>\u00a0Ein verbindliches Angebot auf Abschluss eines Kaufvertrages geben Sie ab, indem Sie den Warenkorb mit Optionen auf den Erhalt von Tickets Ihrer Wahl f\u00fcllen. Dieses Angebot senden Sie durch Bet\u00e4tigung des Buttons \u201eKaufen\u201c ab. Sie k\u00f6nnen jetzt bereist die Tickets direkt im Shopsystem bezahlen per Kreditkartenzahlung oder Paypalzahlung. Alternativ ist die Zahlung per Vorkasse auf Rechnung m\u00f6glich. Die Rechnung wird binnen 24 Stunden per Email nach Bestelleingang zugestellt.<\/p>\n<p><strong>2. Bestellbest\u00e4tigung \u2013 \u00a0der Kaufvertrag ist geschlossen:<\/strong>\u00a0Ein verbindlicher Kaufvertrag \u00fcber die von Ihnen ausgew\u00e4hlten Tickets kommt erst zustande, wenn Sie eine Best\u00e4tigungsmail mit einer beigef\u00fcgten Rechnung im PDF-Format erhalten, nachdem wir die Verf\u00fcgbarkeit \u00fcberpr\u00fcfen konnten. Dies geschieht binnen 24 Stunden nach der Best\u00e4tigung des Bestellungseingangs.\u00a0<\/p>\n<p><strong>3. Hilfe durch uns:<\/strong>\u00a0Haben Sie noch Fragen? Unser Kundendienst freut sich, Ihnen weiterzuhelfen:<\/p>\n<p><strong>tab ticketbroker Gmbh<\/strong><br \/>Voltastr. 5 <br \/>13355 Berlin<br \/>Telefon:\u00a0+49 (0) 30 89 75 36 43<br \/>E-Mail: keyaccount@tab-ticketbroker.de<\/p>\n<p>CEO: Steffen Kolms<\/p>\n<h3>Allgemeine Gesch\u00e4ftsbedingungen der tab ticketbroker GmbH<\/h3>\n<p><strong>Das von der tab ticketbroker GmbH auf der Webseite\u00a0<a href=\"https:\/\/tab-ticketbroker.de\/en\/\" target=\"_blank\" rel=\"noreferrer noopener\">www.tab-ticketbroker.de<\/a>\u00a0abrufbare Leistungsangebot richtet sich nicht an Kunden mit Wohn- \/ Gesch\u00e4ftssitz oder Lieferanschrift in Frankreich.<\/strong><\/p>\n<p><strong>I. Leistungsgegenstand<\/strong><\/p>\n<p>Wir, die tab ticketbroker GmbH, vertreiben Tickets f\u00fcr diverse nationale und internationale Veranstaltungen in den Bereichen Sport, Kultur und Entertainment. Da wir ein unabh\u00e4ngiger Anbieter sind, werden uns diese nicht von den Veranstaltern selbst zur Verf\u00fcgung gestellt, sondern von Anbietern, die derartige Eintrittskarten von den Veranstaltern erhalten haben.<br \/>Da die Tickets von den Veranstaltern einerseits erst ab einem gewissen Zeitpunkt vor der Veranstaltung endg\u00fcltig vergeben werden, wir andererseits aber aufgrund langj\u00e4hriger Erfahrung relativ genau absch\u00e4tzen k\u00f6nnen, welche Kontingente uns definitiv \u2013 bei der endg\u00fcltigen Vergabe \u2013 zur Verf\u00fcgung stehen werden, beginnen wir zum Teil bereits vor der Vergabe mit dem Vorverkauf.<br \/>Bis zur endg\u00fcltigen Vergabe der Tickets vertreiben wir daher verbindliche Optionen auf den Erhalt nach Zeit und Ort entsprechend ihrer Auswahl vorbestimmter Veranstaltung. Ab der endg\u00fcltigen Vergabe von Eintrittskarten durch die Veranstalter k\u00f6nnen Sie diese nat\u00fcrlich auch unmittelbar erwerben.<\/p>\n<p><strong>II. Geltungsbereich<\/strong><\/p>\n<p>(1) Unsere Allgemeinen Gesch\u00e4ftsbedingungen (AGB) gelten f\u00fcr den Erwerb verbindlicher Optionen auf den Erhalt von nach Zeit und Ort konkretisierter Tickets f\u00fcr den Besuch der von Ihnen ausgew\u00e4hlten Veranstaltung sowie f\u00fcr den Erwerb des eigentlichen Tickets selbst.<br \/>(2) Der Geltung kundenseitiger Allgemeinen Gesach\u00e4ftsbedingungen wird ausdr\u00fccklich widersprochen.<br \/>(3) Im Falle der Absage oder Verlegung von Veranstaltungen oder aus sonstigen Gr\u00fcnden nicht durchgef\u00fchrten Veranstaltungen bestehen etwaige Anspr\u00fcche des Kunden nur gegen\u00fcber dem jeweiligen Veranstalter, keinesfalls gegen\u00fcber der Gesellschaft. Die Gesellschaft haftet auch nicht bei Umbesetzungen bei den Veranstaltungen. Im Fall der Nichtdurchf\u00fchrung der Veranstaltung ist die Gesellschaft nicht verpflichtet, die f\u00fcr ihre eigenen Leistungen vereinnahmten Geb\u00fchren und Geldbetr\u00e4ge an den Kunden zur\u00fcckzuerstatten. Im Falle der Nichtdurchf\u00fchrung einer Veranstaltung hat der Kunde keinerlei Anspr\u00fcche gegen die Gesellschaft. Ob der Kunde Anspr\u00fcche gegen den Veranstalter hat, richtet sich nach den vertraglichen Vereinbarungen zwischen dem Kunden und dem Veranstalter. Die Gesellschaft haftet insbesondere nicht bei Insolvenz der Veranstalter.<br \/>(4) Unbeschadet der Geltung unserer AGB weisen wir darauf hin, dass die Veranstaltungen\/Tickets selbst zus\u00e4tzlich eigenen AGB der Veranstalter unterliegen k\u00f6nnen. Diese unterscheiden sich nach dem jeweiligen Veranstalter, f\u00fcr dessen Veranstaltung Sie ein Ticket erwerben. Es wird daher empfohlen, sich mit den AGB des jeweiligen Veranstalters, f\u00fcr dessen Veranstaltung Sie ein Ticket erwerben, vertraut zu machen. Die tab ticketbroker GmbH \u00fcbernimmt keine Haftung f\u00fcr die Folgen der Nichtbeachtung der von Veranstaltern gestellten AGB.<\/p>\n<p><strong>III. Vertragsschluss<\/strong><\/p>\n<p>(1) Soweit wir Optionen auf den Erhalt von Tickets sowie Tickets selbst online anbieten, sind die Bestandteile der Produktauswahl unverbindlich und stellen lediglich eine Einladung zur Abgabe eines Angebotes zum Abschluss eines Kaufvertrages dar. Dieses Angebot geben Sie ab, indem Sie den Warenkorb mit Optionen auf den Erhalt von Tickets bzw. mit Tickets Ihrer Wahl f\u00fcllen. Ihr Angebot senden Sie durch Bet\u00e4tigung des Buttons \u201eKaufen\u201c ab. Sie erhalten dann umgehend eine Best\u00e4tigungsmail, mit der der Eingang Ihrer Anfrage best\u00e4tigt wird. Ein verbindlicher Kaufvertrag \u00fcber die Option auf den Erwerb der ausgew\u00e4hlten Tickets kommt aber erst zustande, wenn Sie eine zweite Best\u00e4tigungsmail erhalten, nachdem wir die Verf\u00fcgbarkeit der angefragten Option \u00fcberpr\u00fcfen konnten. Dies geschieht binnen 24 Stunden nach der Best\u00e4tigung des Bestellungseingangs. Mit der den Kauf best\u00e4tigenden E-Mail erhalten Sie die Rechnung sowie die Hinweise zu Zahlungsart und Zahlungsweise. Der Vertrag kommt ebenfalls zustande, wenn dies durch uns per E-Mail oder telefonisch best\u00e4tigt wird. Sofern wir zum Zeitpunkt des Vertragsabschlusses Inhaber der Eintrittskarten sind, kommt ein unbedingter Vertrag zustande. <br \/>(2) Soweit wir im Zeitpunkt des Vertragsschlusses gem\u00e4\u00df Z. 1 dieser AGB noch nicht Inhaber der von Ihnen gebuchten Eintrittskarten zu Sportereignissen, k\u00fcnstlerischen und\/oder unterhaltenden Veranstaltungen sind, steht der mit Ihnen abgeschlossene Vertrag unter der aufschiebenden Bedingung, dass wir bis sp\u00e4testens 10 Kalendertage vor der jeweiligen Veranstaltung f\u00fcr den ein Vertrag abgeschlossen wurde, Inhaber der Eintrittskarten sind.\u00a0<br \/>(3) Von uns gesperrte Kunden sind nicht berechtigt, Bestellungen bei uns zu t\u00e4tigen oder \u00fcber Dritte Parteien durchzuf\u00fchren. In diesen Fall erfolgt eine Stornierung der Buchung durch die tab ticketbroker Gmbh.<br \/>(4) Kunden mit Wohnsitz und\/oder Lieferadresse in Frankreich sind nicht berechtigt, Bestellungen bei uns zu t\u00e4tigen oder \u00fcber Dritte Parteien durchzuf\u00fchren. In diesen Fall erfolgt eine Stornierung der Buchung durch die tab ticketbroker Gmbh.<\/p>\n<p><strong>IV. Zahlung<\/strong><\/p>\n<p>(1) \u00dcberweisungen sind binnen 5 Tagen ab Rechnungserhalt auf eines der von uns benannten Konten vorzunehmen. Wir akzeptieren auch Zahlungen \u00fcber PAYPAL. Zu den Einzelheiten informieren Sie sich bitte auf der Website des Anbieters unter www.paypal.de.<br \/>(2) Wir behalten uns vor, die Zahlung sog. Last-Minute Reservierungen unmittelbar vor dem Veranstaltungstag abweichend zu gestalten. Einzelheiten hierzu teilen wir Ihnen in der Best\u00e4tigungsmail mit.<\/p>\n<p><strong>V. Preise und Geb\u00fchren<\/strong><\/p>\n<p>(1) Alle Preise beziehen sich ausschlie\u00dflich auf den Erwerb einer Option zum Erhalt von zeitlich und \u00f6rtlich verbindlichen Tickets f\u00fcr den Besuch einer Veranstaltung bzw. den Erwerb der Tickets selbst, zuz\u00fcglich gesondert ausgewiesener Versandkosten.<br \/>(2) Die in der Ticketoption beinhalteten Leistungen sind im Kaufpreis inklusive.<br \/>(3) Dar\u00fcber hinaus anfallende Kosten f\u00fcr Speisen, Getr\u00e4nke und kulturelles Begleitprogramm sind exklusive.\u00a0<br \/>(4) Kaufpreise f\u00fcr Ticketoptionen enthalten Eigen- und Fremdgeb\u00fchren und k\u00f6nnen vom Originalpreis der Tickets (Preisaufdruck) abweichen.<br \/>(5) Mehrere Rabatte k\u00f6nnen nicht in einer Bestellung kumuliert genutzt werden.<\/p>\n<p><strong>VI. Lieferung<\/strong><\/p>\n<p>(1) Sobald wir das Ticket nebst vollst\u00e4ndigen Unterlagen erhalten, die den Gegenstand der von Ihnen erworbenen Option bildet, wandelt sich Ihr Optionsrecht in einen Anspruch auf Lieferung und \u00dcbereignung des entsprechenden Tickets nebst Unterlagen. Schon jetzt treten wir Ihnen f\u00fcr den Fall des Kaufes s\u00e4mtliche aus dem k\u00fcnftig zu erteilenden Ticket resultierenden Rechte ab und Sie nehmen diese, durch die \u00dcbermittlung des Tickets durch uns aufschiebend bedingte, Abtretung an.<br \/>(2) Da die Tickets von den Veranstaltern zum Teil erst kurzfristig versendet werden, k\u00f6nnen wir diese demnach auch erst entsprechend sp\u00e4t an Sie weiterleiten. Wir liefern die Tickets nebst Unterlagen zu dem im Angebot fest ausgewiesenen Termin bzw. in der nach dem Angebot ausgewiesenen Lieferzeit, sp\u00e4testens 7 Tage vor dem geplanten Veranstaltungstag, nicht jedoch vor Zahlung des Kaufpreises. Ein Verzug mit der Leistung tritt fr\u00fchestens bei Verstreichen dieser Frist ein.<br \/>(3) Bei Last Minute Angeboten behalten wir uns vor, die Liefer- und Zahlungsmodalit\u00e4ten entsprechend des bis zur Veranstaltung zur Verf\u00fcgung stehenden Zeitrahmens individuell abzusprechen. In jedem Fall sichern wir die rechtzeitige \u00dcbergabe der Tickets vor Veranstaltung zu.<br \/>(4) Die Tickets k\u00f6nnen nur im Zusammenhang mit den mitgelieferten Unterlagen genutzt werden.<br \/>(5) Wir sind berechtigt, Ihnen anstelle der von der urspr\u00fcnglichen Option erfassten Tickets auch gleichwertige oder bessere Tickets zukommen zu lassen, sofern gebuchte Zeit und Personenzahl \u00fcbereinstimmen. Alle von der urspr\u00fcnglichen Option abweichenden \u00c4nderungen werden jedoch stets einvernehmlich in Abstimmung mit Ihnen vorgenommen.<br \/>(6) K\u00f6nnen wir weder die urspr\u00fcnglich ausgew\u00e4hlten noch gleichwertige oder bessere Tickets anbieten, haben wir Sie hiervon unverz\u00fcglich zu unterrichten.<\/p>\n<p><strong>VII. R\u00fccktritt<\/strong><\/p>\n<p>(1) Sie d\u00fcrfen den R\u00fccktritt erkl\u00e4ren, wenn es uns nicht gelingt, Ihnen weder das den Gegenstand ihrer Option bildende Ticket zu verschaffen noch eine gleichwertige oder bessere Ersatzlieferung bis zwei Tage vor der geplanten Veranstaltung zur Verf\u00fcgung zu stellen. Der Kaufpreis wird Ihnen in diesem Falle unverz\u00fcglich zur\u00fcckerstattet.<br \/>(2) Der R\u00fccktritt ist ohne weiteren Verzug nach Kenntnis der zum R\u00fccktritt berechtigenden Gr\u00fcnde durch Mitteilung per per Telefon (+49 (0) 30 89 75 36 43) oder per Email (keyaccount@tab-ticketbroker.de) an uns und zur Adresse tab-ticketbroker GmbH, Voltastr. 5, Geb\u00e4ude 10\/2, 13355 Berlin zu erkl\u00e4ren. Bitte \u00fcben Sie, wenn die Voraussetzungen hierf\u00fcr eingetreten sind, Ihr R\u00fccktrittsrecht so schnell wie m\u00f6glich aus, um Ihnen und uns Unannehmlichkeiten zu ersparen.<br \/>(3) Erg\u00e4nzend gelten die gesetzlichen Bestimmungen \u00fcber den R\u00fccktritt, \u00a7\u00a7 346 ff. BGB.<br \/>(4) Unsererseits sind wir berechtigt, den R\u00fccktritt vom Vertrag zu erkl\u00e4ren, wenn Sie mit der Zahlung im Verzug sind.<\/p>\n<p><strong>VIII. Haftung<\/strong><\/p>\n<p>(1) Kann die tab ticketbroker GmbH im Falle der Nichtverf\u00fcgbarkeit der urspr\u00fcnglich georderten Tickets keine gleichwertigen oder bessere Ersatztickets anbieten, sind Sie berechtigt, zus\u00e4tzlich zu dem von uns zur\u00fcckzuerstattenden Kaufpreis Schadensersatz zu fordern. Soweit uns bzw. unseren Erf\u00fcllungsgehilfen lediglich einfaches fahrl\u00e4ssiges Handeln zur Last f\u00e4llt, haften wir jedoch nur bis zu einem Viertel des jeweiligen Kaufpreises.<br \/>(2) Die vorstehende Haftungsbeschr\u00e4nkung gilt nicht in F\u00e4llen der Verletzung des Lebens, des K\u00f6rpers, der Gesundheit. Die Haftungsbeschr\u00e4nkung gilt ferner dann nicht, wenn es um die Verletzung von solchen Pflichten geht, deren Verletzung die Erreichung des Vertragszwecks gef\u00e4hrdet und auf deren Erf\u00fcllung Sie berechtigterweise vertrauen d\u00fcrfen. Hierzu geh\u00f6ren insbesondere Lieferfristen, die Pflicht zur mangelfreien Lieferung sowie Schutz- und Obhutsverpflichtungen.<br \/>(3) Im \u00fcbrigen haftet die tab ticketbroker GmbH nach den gesetzlichen Bestimmungen.<\/p>\n<p><strong>IX. Widerrufsrecht<\/strong><\/p>\n<p>Vertr\u00e4ge zur Erbringung von Dienstleistungen im Zusammenhang mit Freizeitbet\u00e4tigungen, wenn der Vertrag f\u00fcr die Erbringung einen spezifischen Termin oder Zeitraum vorsieht, unterliegen nicht dem gesetzlichen Widerrufsrecht (\u00a7 312g Abs. 2 Satz 1 Nr. 9 BGB). Das hei\u00dft, soweit die tab ticketbroker GmbH Dienstleistungen aus dem Bereich der Freizeitbet\u00e4tigung anbietet, insbesondere Eintrittskarten f\u00fcr Veranstaltungen, besteht kein Widerrufsrecht. Jede Bestellung von Eintrittskarten ist damit unmittelbar nach Best\u00e4tigung durch tab ticketbroker GmbH bindend und verpflichtet zur Abnahme und Bezahlung der bestellten Karten.<\/p>\n<p><strong>X. Anwendbares Recht, Gerichtsstand<\/strong><\/p>\n<p>Vertr\u00e4ge mit der tab ticketbroker Gmbh unterliegen deutschem Recht. Gerichtsstand der Unternehmung tab ticketbroker Gmbh ist deren Sitz, sofern es sich bei dem Kunden um einen Kaufmann, eine juristische Person des \u00f6ffentlichen Rechts oder \u00f6ffentlich-rechtliches Sonderverm\u00f6gen handelt.<\/p>\n<p><strong>Alternative Streitbeilegung gem\u00e4\u00df Art. 14 Abs. 1 ODR-VO und \u00a7 36 VSBG:<\/strong><\/p>\n<p>Die Europ\u00e4ische Kommission stellt eine Plattform zur Online-Streitbeilegung (OS) bereit, die Sie unter http:\/\/ec.europa.eu\/consumers\/odr\/ finden. Zur Teilnahme an einem Streitbeilegungsverfahren vor einer Verbraucherschlichtungsstelle sind wir nicht verpflichtet und nicht bereit.\u00a0<\/p>\n<p><strong>XI. Verhaltenskodex<\/strong><\/p>\n<p>Folgenden Verhaltenskodizes haben wir uns unterworfen:<br \/>Trusted Shops Qualit\u00e4tskriterien:\u00a0<a href=\"http:\/\/www.trustedshops.com\/tsdocument\/%20TS_QUALITY_CRITERIA_de.pdf\" target=\"_blank\" rel=\"noreferrer noopener\">http:\/\/www.trustedshops.com\/tsdocument\/ TS_QUALITY_CRITERIA_de.pdf<\/a><\/p>\n<p><strong>XII. Streitbeilegung<\/strong><\/p>\n<p>Die Europ\u00e4ische Kommission stellt eine Plattform zur Online-Streitbeilegung (OS) bereit, die Sie hier finden:\u00a0<a href=\"https:\/\/ec.europa.eu\/consumers\/odr\/\" target=\"_blank\" rel=\"noreferrer noopener\">https:\/\/ec.europa.eu\/consumers\/odr\/<\/a>.\u00a0<br \/>We are neither obliged nor willing to participate in a dispute settlement procedure before a consumer arbitration board.<\/p>\n<p>\u00a0<\/p>\t\t\t\t\t\t\t\t<\/div>\n\t\t\t\t<\/div>\n\t\t\t\t\t<\/div>\n\t\t<\/div>\n\t\t\t\t\t<\/div>\n\t\t<\/section>\n\t\t\t\t<section class=\"elementor-section elementor-top-section elementor-element elementor-element-803c638 elementor-section-boxed elementor-section-height-default elementor-section-height-default\" data-id=\"803c638\" data-element_type=\"section\">\n\t\t\t\t\t\t<div class=\"elementor-container elementor-column-gap-default\">\n\t\t\t\t\t<div class=\"elementor-column elementor-col-100 elementor-top-column elementor-element elementor-element-228bb5d\" data-id=\"228bb5d\" data-element_type=\"column\">\n\t\t\t<div class=\"elementor-widget-wrap elementor-element-populated\">\n\t\t\t\t\t\t<div class=\"elementor-element elementor-element-e55a153 elementor-widget elementor-widget-heading\" data-id=\"e55a153\" data-element_type=\"widget\" data-widget_type=\"heading.default\">\n\t\t\t\t<div class=\"elementor-widget-container\">\n\t\t\t\t\t<h4 class=\"elementor-heading-title elementor-size-default\">AGB &amp; Informationsseite<\/h4>\t\t\t\t<\/div>\n\t\t\t\t<\/div>\n\t\t\t\t\t<\/div>\n\t\t<\/div>\n\t\t\t\t\t<\/div>\n\t\t<\/section>\n\t\t\t\t<\/div>","protected":false},"excerpt":{"rendered":"<p>AGB &amp; Informationsseite Mit dieser Info-Seite unterrichten wir Sie \u00fcber die einzelnen Schritte bis zum Abschluss eines Kaufvertrages, um Ihnen den Bestellablauf entsprechend den gesetzlichen Bestimmungen so transparent wie m\u00f6glich darzustellen. 1. Ihre Auswahl \u2013 Ihr Angebot an uns:&nbsp;Ein verbindliches Angebot auf Abschluss eines Kaufvertrages geben Sie ab, indem Sie den Warenkorb mit Optionen auf [&hellip;]<\/p>","protected":false},"author":1,"featured_media":0,"parent":0,"menu_order":0,"comment_status":"closed","ping_status":"closed","template":"elementor_header_footer","meta":{"content-type":"","ocean_post_layout":"left-sidebar","ocean_both_sidebars_style":"","ocean_both_sidebars_content_width":0,"ocean_both_sidebars_sidebars_width":0,"ocean_sidebar":"ocs-informationen-sidebar","ocean_second_sidebar":"0","ocean_disable_margins":"enable","ocean_add_body_class":"","ocean_shortcode_before_top_bar":"","ocean_shortcode_after_top_bar":"","ocean_shortcode_before_header":"","ocean_shortcode_after_header":"","ocean_has_shortcode":"","ocean_shortcode_after_title":"","ocean_shortcode_before_footer_widgets":"","ocean_shortcode_after_footer_widgets":"","ocean_shortcode_before_footer_bottom":"","ocean_shortcode_after_footer_bottom":"","ocean_display_top_bar":"default","ocean_display_header":"default","ocean_header_style":"","ocean_center_header_left_menu":"0","ocean_custom_header_template":"0","ocean_custom_logo":0,"ocean_custom_retina_logo":0,"ocean_custom_logo_max_width":0,"ocean_custom_logo_tablet_max_width":0,"ocean_custom_logo_mobile_max_width":0,"ocean_custom_logo_max_height":0,"ocean_custom_logo_tablet_max_height":0,"ocean_custom_logo_mobile_max_height":0,"ocean_header_custom_menu":"0","ocean_menu_typo_font_family":"0","ocean_menu_typo_font_subset":"","ocean_menu_typo_font_size":0,"ocean_menu_typo_font_size_tablet":0,"ocean_menu_typo_font_size_mobile":0,"ocean_menu_typo_font_size_unit":"px","ocean_menu_typo_font_weight":"","ocean_menu_typo_font_weight_tablet":"","ocean_menu_typo_font_weight_mobile":"","ocean_menu_typo_transform":"","ocean_menu_typo_transform_tablet":"","ocean_menu_typo_transform_mobile":"","ocean_menu_typo_line_height":0,"ocean_menu_typo_line_height_tablet":0,"ocean_menu_typo_line_height_mobile":0,"ocean_menu_typo_line_height_unit":"","ocean_menu_typo_spacing":0,"ocean_menu_typo_spacing_tablet":0,"ocean_menu_typo_spacing_mobile":0,"ocean_menu_typo_spacing_unit":"","ocean_menu_link_color":"","ocean_menu_link_color_hover":"","ocean_menu_link_color_active":"","ocean_menu_link_background":"","ocean_menu_link_hover_background":"","ocean_menu_link_active_background":"","ocean_menu_social_links_bg":"","ocean_menu_social_hover_links_bg":"","ocean_menu_social_links_color":"","ocean_menu_social_hover_links_color":"","ocean_disable_title":"default","ocean_disable_heading":"default","ocean_post_title":"","ocean_post_subheading":"","ocean_post_title_style":"background-image","ocean_post_title_background_color":"","ocean_post_title_background":1115,"ocean_post_title_bg_image_position":"","ocean_post_title_bg_image_attachment":"","ocean_post_title_bg_image_repeat":"","ocean_post_title_bg_image_size":"","ocean_post_title_height":300,"ocean_post_title_bg_overlay":0.1,"ocean_post_title_bg_overlay_color":"","ocean_disable_breadcrumbs":"default","ocean_breadcrumbs_color":"","ocean_breadcrumbs_separator_color":"","ocean_breadcrumbs_links_color":"","ocean_breadcrumbs_links_hover_color":"","ocean_display_footer_widgets":"default","ocean_display_footer_bottom":"default","ocean_custom_footer_template":"0","footnotes":""},"categories":[33],"tags":[],"class_list":["post-72","page","type-page","status-publish","hentry","category-informationen","entry","owp-thumbs-layout-horizontal","owp-btn-very-big","owp-tabs-layout-section","has-no-thumbnails"],"_links":{"self":[{"href":"https:\/\/tab-ticketbroker.de\/en\/wp-json\/wp\/v2\/pages\/72","targetHints":{"allow":["GET"]}}],"collection":[{"href":"https:\/\/tab-ticketbroker.de\/en\/wp-json\/wp\/v2\/pages"}],"about":[{"href":"https:\/\/tab-ticketbroker.de\/en\/wp-json\/wp\/v2\/types\/page"}],"author":[{"embeddable":true,"href":"https:\/\/tab-ticketbroker.de\/en\/wp-json\/wp\/v2\/users\/1"}],"replies":[{"embeddable":true,"href":"https:\/\/tab-ticketbroker.de\/en\/wp-json\/wp\/v2\/comments?post=72"}],"version-history":[{"count":11,"href":"https:\/\/tab-ticketbroker.de\/en\/wp-json\/wp\/v2\/pages\/72\/revisions"}],"predecessor-version":[{"id":28662,"href":"https:\/\/tab-ticketbroker.de\/en\/wp-json\/wp\/v2\/pages\/72\/revisions\/28662"}],"wp:attachment":[{"href":"https:\/\/tab-ticketbroker.de\/en\/wp-json\/wp\/v2\/media?parent=72"}],"wp:term":[{"taxonomy":"category","embeddable":true,"href":"https:\/\/tab-ticketbroker.de\/en\/wp-json\/wp\/v2\/categories?post=72"},{"taxonomy":"post_tag","embeddable":true,"href":"https:\/\/tab-ticketbroker.de\/en\/wp-json\/wp\/v2\/tags?post=72"}],"curies":[{"name":"wp","href":"https:\/\/api.w.org\/{rel}","templated":true}]}}