{"id":1312,"date":"2022-03-27T19:09:44","date_gmt":"2022-03-27T18:09:44","guid":{"rendered":"https:\/\/tab.oktoberfest-tischreservierungen.de\/versand\/"},"modified":"2023-06-27T16:40:19","modified_gmt":"2023-06-27T14:40:19","slug":"versand","status":"publish","type":"page","link":"https:\/\/tab-ticketbroker.de\/en\/versand\/","title":{"rendered":"Shipping"},"content":{"rendered":"<div data-elementor-type=\"wp-page\" data-elementor-id=\"1312\" class=\"elementor elementor-1312\" data-elementor-post-type=\"page\">\n\t\t\t\t\t\t<section class=\"elementor-section elementor-top-section elementor-element elementor-element-150cb587 elementor-section-boxed elementor-section-height-default elementor-section-height-default\" data-id=\"150cb587\" data-element_type=\"section\">\n\t\t\t\t\t\t<div class=\"elementor-container elementor-column-gap-default\">\n\t\t\t\t\t<div class=\"elementor-column elementor-col-100 elementor-top-column elementor-element elementor-element-7ad75fcc\" data-id=\"7ad75fcc\" data-element_type=\"column\">\n\t\t\t<div class=\"elementor-widget-wrap elementor-element-populated\">\n\t\t\t\t\t\t<div class=\"elementor-element elementor-element-3d42910d elementor-widget elementor-widget-text-editor\" data-id=\"3d42910d\" data-element_type=\"widget\" data-widget_type=\"text-editor.default\">\n\t\t\t\t<div class=\"elementor-widget-container\">\n\t\t\t\t\t\t\t\t\t<p><span style=\"font-variant-ligatures: normal; font-variant-caps: normal; font-family: Nunito; font-size: 18px; font-style: normal; font-weight: 700;\">Insured shipping is by&nbsp;<\/span><span style=\"font-variant-ligatures: normal; font-variant-caps: normal; font-family: Nunito; font-size: 18px; font-style: normal; font-weight: 600;\"><a href=\"https:\/\/www.general-overnight.com\/deu_de\/online-services\/order-track.html\" style=\"font-size: 18px;\" target=\"_blank\" rel=\"noopener\">GO! Express<\/a>.<\/span><\/p><p><span style=\"font-variant-ligatures: normal; font-variant-caps: normal; font-family: Nunito; font-size: 18px; font-style: normal; font-weight: 700;\">&nbsp;<\/span><\/p>\n<p><span style=\"font-variant-ligatures: normal; font-variant-caps: normal; font-family: Nunito; font-size: 18px; font-style: normal; font-weight: 700;\">The shipping costs are broken down as follows:<\/span><br><\/p>\n<p style=\"font-variant-ligatures: normal; font-variant-caps: normal; font-family: Nunito; font-size: 18px; font-style: normal; font-weight: 700;\"><span style=\"font-size: 18px; font-weight: 600;\">National:<\/span>&nbsp;within Germany: EUR 19.00 incl. 19% VAT<\/p>\n<p style=\"font-variant-ligatures: normal; font-variant-caps: normal; font-family: Nunito; font-size: 18px; font-style: normal; font-weight: 700;\">\n<\/p><p style=\"font-variant-ligatures: normal; font-variant-caps: normal; font-family: Nunito; font-size: 18px; font-style: normal; font-weight: 700;\">\n<\/p><p style=\"font-variant-ligatures: normal; font-variant-caps: normal; font-family: Nunito; font-size: 18px; font-style: normal; font-weight: 700;\"><span style=\"font-size: 18px; font-weight: 600;\">Within the EU (except Germany):<\/span>&nbsp;29.00 EUR incl. 19% VAT<\/p>\n<p style=\"font-variant-ligatures: normal; font-variant-caps: normal; font-family: Nunito; font-size: 18px; font-style: normal; font-weight: 700;\">\n<\/p><p style=\"font-variant-ligatures: normal; font-variant-caps: normal; font-family: Nunito; font-size: 18px; font-style: normal; font-weight: 700;\">\n<\/p><p style=\"font-variant-ligatures: normal; font-variant-caps: normal; font-family: Nunito; font-size: 18px; font-style: normal; font-weight: 700;\"><span style=\"font-size: 18px; font-weight: 600;\">International to all other countries*:<\/span>&nbsp;59.00 EUR incl. 19% VAT<\/p><p style=\"font-variant-ligatures: normal; font-variant-caps: normal; font-family: Nunito; font-size: 18px; font-style: normal; font-weight: 700;\"><br><\/p>\n<p style=\"font-variant-ligatures: normal; font-variant-caps: normal; font-family: Nunito; font-size: 18px; font-style: normal; font-weight: 700;\">\n<\/p><p style=\"font-variant-ligatures: normal; font-variant-caps: normal; font-family: Nunito; font-size: 18px; font-style: normal; font-weight: 700;\">\n<\/p><p style=\"font-variant-ligatures: normal; font-variant-caps: normal; font-family: Nunito; font-size: 18px; font-style: normal; font-weight: 700;\">\n<\/p><p style=\"font-variant-ligatures: normal; font-variant-caps: normal; font-family: Nunito; font-size: 18px; font-style: normal; font-weight: 700;\">\n<\/p><p style=\"font-variant-ligatures: normal; font-variant-caps: normal; font-family: Nunito; font-size: 18px; font-style: normal; font-weight: 700;\"><em style=\"font-size: 18px;\">*For all international customers, we are happy to arrange shipping to a hotel in Germany.<\/em><\/p>\t\t\t\t\t\t\t\t<\/div>\n\t\t\t\t<\/div>\n\t\t\t\t\t<\/div>\n\t\t<\/div>\n\t\t\t\t\t<\/div>\n\t\t<\/section>\n\t\t\t\t<section class=\"elementor-section elementor-top-section elementor-element elementor-element-20ad5044 elementor-section-boxed elementor-section-height-default elementor-section-height-default\" data-id=\"20ad5044\" data-element_type=\"section\">\n\t\t\t\t\t\t<div class=\"elementor-container elementor-column-gap-default\">\n\t\t\t\t\t<div class=\"elementor-column elementor-col-100 elementor-top-column elementor-element elementor-element-7ea484b1\" data-id=\"7ea484b1\" data-element_type=\"column\">\n\t\t\t<div class=\"elementor-widget-wrap elementor-element-populated\">\n\t\t\t\t\t\t<div class=\"elementor-element elementor-element-48babb18 elementor-widget elementor-widget-spacer\" data-id=\"48babb18\" data-element_type=\"widget\" data-widget_type=\"spacer.default\">\n\t\t\t\t<div class=\"elementor-widget-container\">\n\t\t\t\t\t\t\t<div class=\"elementor-spacer\">\n\t\t\t<div class=\"elementor-spacer-inner\"><\/div>\n\t\t<\/div>\n\t\t\t\t\t\t<\/div>\n\t\t\t\t<\/div>\n\t\t\t\t\t<\/div>\n\t\t<\/div>\n\t\t\t\t\t<\/div>\n\t\t<\/section>\n\t\t\t\t<section class=\"elementor-section elementor-top-section elementor-element elementor-element-5cdce6e4 elementor-section-boxed elementor-section-height-default elementor-section-height-default\" data-id=\"5cdce6e4\" data-element_type=\"section\">\n\t\t\t\t\t\t<div class=\"elementor-container elementor-column-gap-default\">\n\t\t\t\t\t<div class=\"elementor-column elementor-col-100 elementor-top-column elementor-element elementor-element-7a3609d0\" data-id=\"7a3609d0\" data-element_type=\"column\">\n\t\t\t<div class=\"elementor-widget-wrap elementor-element-populated\">\n\t\t\t\t\t\t<div class=\"elementor-element elementor-element-112d6256 elementor-align-center elementor-widget elementor-widget-button\" data-id=\"112d6256\" data-element_type=\"widget\" data-widget_type=\"button.default\">\n\t\t\t\t<div class=\"elementor-widget-container\">\n\t\t\t\t\t\t\t\t\t<div class=\"elementor-button-wrapper\">\n\t\t\t\t\t<a class=\"elementor-button elementor-button-link elementor-size-sm\" href=\"\/en\/tischreservierungen-buchen\/\">\n\t\t\t\t\t\t<span class=\"elementor-button-content-wrapper\">\n\t\t\t\t\t\t\t\t\t<span class=\"elementor-button-text\">BOOK NOW<\/span>\n\t\t\t\t\t<\/span>\n\t\t\t\t\t<\/a>\n\t\t\t\t<\/div>\n\t\t\t\t\t\t\t\t<\/div>\n\t\t\t\t<\/div>\n\t\t\t\t\t<\/div>\n\t\t<\/div>\n\t\t\t\t\t<\/div>\n\t\t<\/section>\n\t\t\t\t<\/div>","protected":false},"excerpt":{"rendered":"<p>Der versicherte Versand erfolgt per&nbsp;GO! Express. &nbsp; Die Versandkosten teilen sich dabei wie folgt auf: National:&nbsp;innerhalb Deutschlands: 19,00 EUR inkl. 19% MwSt Innerhalb der EU (au\u00dfer Deutschland):&nbsp;29,00 EUR inkl. 19% MwSt International in alle anderen L\u00e4nder*:&nbsp;59,00 EUR inkl. 19 % MwSt *F\u00fcr alle internationalen Kunden veranlassen wir gerne den Versand in ein Hotel in Deutschland. [&hellip;]<\/p>","protected":false},"author":2,"featured_media":0,"parent":0,"menu_order":0,"comment_status":"closed","ping_status":"closed","template":"","meta":{"content-type":"","ocean_post_layout":"full-width","ocean_both_sidebars_style":"","ocean_both_sidebars_content_width":0,"ocean_both_sidebars_sidebars_width":0,"ocean_sidebar":"ocs-informationen-sidebar","ocean_second_sidebar":"0","ocean_disable_margins":"enable","ocean_add_body_class":"","ocean_shortcode_before_top_bar":"","ocean_shortcode_after_top_bar":"","ocean_shortcode_before_header":"","ocean_shortcode_after_header":"","ocean_has_shortcode":"","ocean_shortcode_after_title":"","ocean_shortcode_before_footer_widgets":"","ocean_shortcode_after_footer_widgets":"","ocean_shortcode_before_footer_bottom":"","ocean_shortcode_after_footer_bottom":"","ocean_display_top_bar":"default","ocean_display_header":"default","ocean_header_style":"","ocean_center_header_left_menu":"0","ocean_custom_header_template":"0","ocean_custom_logo":0,"ocean_custom_retina_logo":0,"ocean_custom_logo_max_width":0,"ocean_custom_logo_tablet_max_width":0,"ocean_custom_logo_mobile_max_width":0,"ocean_custom_logo_max_height":0,"ocean_custom_logo_tablet_max_height":0,"ocean_custom_logo_mobile_max_height":0,"ocean_header_custom_menu":"0","ocean_menu_typo_font_family":"0","ocean_menu_typo_font_subset":"","ocean_menu_typo_font_size":0,"ocean_menu_typo_font_size_tablet":0,"ocean_menu_typo_font_size_mobile":0,"ocean_menu_typo_font_size_unit":"px","ocean_menu_typo_font_weight":"","ocean_menu_typo_font_weight_tablet":"","ocean_menu_typo_font_weight_mobile":"","ocean_menu_typo_transform":"","ocean_menu_typo_transform_tablet":"","ocean_menu_typo_transform_mobile":"","ocean_menu_typo_line_height":0,"ocean_menu_typo_line_height_tablet":0,"ocean_menu_typo_line_height_mobile":0,"ocean_menu_typo_line_height_unit":"","ocean_menu_typo_spacing":0,"ocean_menu_typo_spacing_tablet":0,"ocean_menu_typo_spacing_mobile":0,"ocean_menu_typo_spacing_unit":"","ocean_menu_link_color":"","ocean_menu_link_color_hover":"","ocean_menu_link_color_active":"","ocean_menu_link_background":"","ocean_menu_link_hover_background":"","ocean_menu_link_active_background":"","ocean_menu_social_links_bg":"","ocean_menu_social_hover_links_bg":"","ocean_menu_social_links_color":"","ocean_menu_social_hover_links_color":"","ocean_disable_title":"enable","ocean_disable_heading":"default","ocean_post_title":"","ocean_post_subheading":"","ocean_post_title_style":"background-image","ocean_post_title_background_color":"","ocean_post_title_background":1161,"ocean_post_title_bg_image_position":"center center","ocean_post_title_bg_image_attachment":"","ocean_post_title_bg_image_repeat":"","ocean_post_title_bg_image_size":"","ocean_post_title_height":200,"ocean_post_title_bg_overlay":0.01,"ocean_post_title_bg_overlay_color":"","ocean_disable_breadcrumbs":"default","ocean_breadcrumbs_color":"","ocean_breadcrumbs_separator_color":"","ocean_breadcrumbs_links_color":"","ocean_breadcrumbs_links_hover_color":"","ocean_display_footer_widgets":"default","ocean_display_footer_bottom":"default","ocean_custom_footer_template":"0","footnotes":""},"categories":[],"tags":[],"class_list":["post-1312","page","type-page","status-publish","hentry","entry","owp-thumbs-layout-horizontal","owp-btn-very-big","owp-tabs-layout-section","has-no-thumbnails"],"_links":{"self":[{"href":"https:\/\/tab-ticketbroker.de\/en\/wp-json\/wp\/v2\/pages\/1312","targetHints":{"allow":["GET"]}}],"collection":[{"href":"https:\/\/tab-ticketbroker.de\/en\/wp-json\/wp\/v2\/pages"}],"about":[{"href":"https:\/\/tab-ticketbroker.de\/en\/wp-json\/wp\/v2\/types\/page"}],"author":[{"embeddable":true,"href":"https:\/\/tab-ticketbroker.de\/en\/wp-json\/wp\/v2\/users\/2"}],"replies":[{"embeddable":true,"href":"https:\/\/tab-ticketbroker.de\/en\/wp-json\/wp\/v2\/comments?post=1312"}],"version-history":[{"count":3,"href":"https:\/\/tab-ticketbroker.de\/en\/wp-json\/wp\/v2\/pages\/1312\/revisions"}],"predecessor-version":[{"id":26513,"href":"https:\/\/tab-ticketbroker.de\/en\/wp-json\/wp\/v2\/pages\/1312\/revisions\/26513"}],"wp:attachment":[{"href":"https:\/\/tab-ticketbroker.de\/en\/wp-json\/wp\/v2\/media?parent=1312"}],"wp:term":[{"taxonomy":"category","embeddable":true,"href":"https:\/\/tab-ticketbroker.de\/en\/wp-json\/wp\/v2\/categories?post=1312"},{"taxonomy":"post_tag","embeddable":true,"href":"https:\/\/tab-ticketbroker.de\/en\/wp-json\/wp\/v2\/tags?post=1312"}],"curies":[{"name":"wp","href":"https:\/\/api.w.org\/{rel}","templated":true}]}}