{"id":1306,"date":"2022-03-27T19:09:44","date_gmt":"2022-03-27T18:09:44","guid":{"rendered":"https:\/\/tab.oktoberfest-tischreservierungen.de\/widerrufsrecht-2\/"},"modified":"2023-06-14T21:57:03","modified_gmt":"2023-06-14T19:57:03","slug":"widerrufsrecht","status":"publish","type":"page","link":"https:\/\/tab-ticketbroker.de\/en\/widerrufsrecht\/","title":{"rendered":"Right of Withdrawal"},"content":{"rendered":"<div data-elementor-type=\"wp-page\" data-elementor-id=\"1306\" class=\"elementor elementor-1306\" data-elementor-post-type=\"page\">\n\t\t\t\t\t\t<section class=\"elementor-section elementor-top-section elementor-element elementor-element-858132 elementor-section-boxed elementor-section-height-default elementor-section-height-default\" data-id=\"858132\" data-element_type=\"section\">\n\t\t\t\t\t\t<div class=\"elementor-container elementor-column-gap-default\">\n\t\t\t\t\t<div class=\"elementor-column elementor-col-100 elementor-top-column elementor-element elementor-element-7ee1fcda\" data-id=\"7ee1fcda\" data-element_type=\"column\">\n\t\t\t<div class=\"elementor-widget-wrap elementor-element-populated\">\n\t\t\t\t\t\t<div class=\"elementor-element elementor-element-112a7210 elementor-widget elementor-widget-heading\" data-id=\"112a7210\" data-element_type=\"widget\" data-widget_type=\"heading.default\">\n\t\t\t\t<div class=\"elementor-widget-container\">\n\t\t\t\t\t<h4 class=\"elementor-heading-title elementor-size-default\">Right of Withdrawal<\/h4>\t\t\t\t<\/div>\n\t\t\t\t<\/div>\n\t\t\t\t\t<\/div>\n\t\t<\/div>\n\t\t\t\t\t<\/div>\n\t\t<\/section>\n\t\t\t\t<section class=\"elementor-section elementor-top-section elementor-element elementor-element-5a833000 elementor-section-boxed elementor-section-height-default elementor-section-height-default\" data-id=\"5a833000\" data-element_type=\"section\">\n\t\t\t\t\t\t<div class=\"elementor-container elementor-column-gap-default\">\n\t\t\t\t\t<div class=\"elementor-column elementor-col-100 elementor-top-column elementor-element elementor-element-1faf79d6\" data-id=\"1faf79d6\" data-element_type=\"column\">\n\t\t\t<div class=\"elementor-widget-wrap elementor-element-populated\">\n\t\t\t\t\t\t<div class=\"elementor-element elementor-element-30fa0770 elementor-widget elementor-widget-text-editor\" data-id=\"30fa0770\" data-element_type=\"widget\" data-widget_type=\"text-editor.default\">\n\t\t\t\t<div class=\"elementor-widget-container\">\n\t\t\t\t\t\t\t\t\t<p><span style=\"font-size: 18px; color: #333333;\">Contracts for the provision of services in connection with leisure activities, if the contract provides for a specific date or period of time, are not subject to the statutory right of withdrawal (\u00a7 312g Para. 2 Sentence 1 No. 9 BGB). This means that if tab ticketbroker GmbH offers services in the area of \u200b\u200bleisure activities, in particular reservations\/tickets for events, there is no right of withdrawal. Every order for reservations\/tickets is therefore binding immediately after confirmation by tab ticketbroker GmbH and obliges you to accept and pay for the tickets ordered.<\/span><\/p>\n<p><\/p>\n<p class=\"wp-block-spacer\" style=\"height: 45px;\" aria-hidden=\"true\">\u00a0<\/p>\n<p><\/p>\n<p><\/p>\t\t\t\t\t\t\t\t<\/div>\n\t\t\t\t<\/div>\n\t\t\t\t\t<\/div>\n\t\t<\/div>\n\t\t\t\t\t<\/div>\n\t\t<\/section>\n\t\t\t\t<\/div>","protected":false},"excerpt":{"rendered":"<p>Widerrufsrecht Vertr\u00e4ge zur Erbringung von Dienstleistungen im Zusammenhang mit Freizeitbet\u00e4tigungen, wenn der Vertrag f\u00fcr die Erbringung einen spezifischen Termin oder Zeitraum vorsieht, unterliegen nicht dem gesetzlichen Widerrufsrecht (\u00a7 312g Abs. 2 Satz 1 Nr. 9 BGB). Das hei\u00dft, soweit die tab ticketbroker GmbH Dienstleistungen aus dem Bereich der Freizeitbet\u00e4tigung anbietet, insbesondere Reservierungen\/Eintrittskarten f\u00fcr Veranstaltungen, besteht [&hellip;]<\/p>","protected":false},"author":2,"featured_media":0,"parent":0,"menu_order":0,"comment_status":"closed","ping_status":"closed","template":"","meta":{"content-type":"","ocean_post_layout":"full-width","ocean_both_sidebars_style":"","ocean_both_sidebars_content_width":0,"ocean_both_sidebars_sidebars_width":0,"ocean_sidebar":"0","ocean_second_sidebar":"0","ocean_disable_margins":"enable","ocean_add_body_class":"","ocean_shortcode_before_top_bar":"","ocean_shortcode_after_top_bar":"","ocean_shortcode_before_header":"","ocean_shortcode_after_header":"","ocean_has_shortcode":"","ocean_shortcode_after_title":"","ocean_shortcode_before_footer_widgets":"","ocean_shortcode_after_footer_widgets":"","ocean_shortcode_before_footer_bottom":"","ocean_shortcode_after_footer_bottom":"","ocean_display_top_bar":"default","ocean_display_header":"default","ocean_header_style":"","ocean_center_header_left_menu":"0","ocean_custom_header_template":"0","ocean_custom_logo":0,"ocean_custom_retina_logo":0,"ocean_custom_logo_max_width":0,"ocean_custom_logo_tablet_max_width":0,"ocean_custom_logo_mobile_max_width":0,"ocean_custom_logo_max_height":0,"ocean_custom_logo_tablet_max_height":0,"ocean_custom_logo_mobile_max_height":0,"ocean_header_custom_menu":"0","ocean_menu_typo_font_family":"0","ocean_menu_typo_font_subset":"","ocean_menu_typo_font_size":0,"ocean_menu_typo_font_size_tablet":0,"ocean_menu_typo_font_size_mobile":0,"ocean_menu_typo_font_size_unit":"px","ocean_menu_typo_font_weight":"","ocean_menu_typo_font_weight_tablet":"","ocean_menu_typo_font_weight_mobile":"","ocean_menu_typo_transform":"","ocean_menu_typo_transform_tablet":"","ocean_menu_typo_transform_mobile":"","ocean_menu_typo_line_height":0,"ocean_menu_typo_line_height_tablet":0,"ocean_menu_typo_line_height_mobile":0,"ocean_menu_typo_line_height_unit":"","ocean_menu_typo_spacing":0,"ocean_menu_typo_spacing_tablet":0,"ocean_menu_typo_spacing_mobile":0,"ocean_menu_typo_spacing_unit":"","ocean_menu_link_color":"","ocean_menu_link_color_hover":"","ocean_menu_link_color_active":"","ocean_menu_link_background":"","ocean_menu_link_hover_background":"","ocean_menu_link_active_background":"","ocean_menu_social_links_bg":"","ocean_menu_social_hover_links_bg":"","ocean_menu_social_links_color":"","ocean_menu_social_hover_links_color":"","ocean_disable_title":"enable","ocean_disable_heading":"enable","ocean_post_title":"","ocean_post_subheading":"","ocean_post_title_style":"background-image","ocean_post_title_background_color":"","ocean_post_title_background":1161,"ocean_post_title_bg_image_position":"center center","ocean_post_title_bg_image_attachment":"","ocean_post_title_bg_image_repeat":"","ocean_post_title_bg_image_size":"","ocean_post_title_height":200,"ocean_post_title_bg_overlay":0.0001,"ocean_post_title_bg_overlay_color":"","ocean_disable_breadcrumbs":"default","ocean_breadcrumbs_color":"","ocean_breadcrumbs_separator_color":"","ocean_breadcrumbs_links_color":"","ocean_breadcrumbs_links_hover_color":"","ocean_display_footer_widgets":"default","ocean_display_footer_bottom":"default","ocean_custom_footer_template":"0","footnotes":""},"categories":[],"tags":[],"class_list":["post-1306","page","type-page","status-publish","hentry","entry","owp-thumbs-layout-horizontal","owp-btn-very-big","owp-tabs-layout-section","has-no-thumbnails"],"_links":{"self":[{"href":"https:\/\/tab-ticketbroker.de\/en\/wp-json\/wp\/v2\/pages\/1306","targetHints":{"allow":["GET"]}}],"collection":[{"href":"https:\/\/tab-ticketbroker.de\/en\/wp-json\/wp\/v2\/pages"}],"about":[{"href":"https:\/\/tab-ticketbroker.de\/en\/wp-json\/wp\/v2\/types\/page"}],"author":[{"embeddable":true,"href":"https:\/\/tab-ticketbroker.de\/en\/wp-json\/wp\/v2\/users\/2"}],"replies":[{"embeddable":true,"href":"https:\/\/tab-ticketbroker.de\/en\/wp-json\/wp\/v2\/comments?post=1306"}],"version-history":[{"count":4,"href":"https:\/\/tab-ticketbroker.de\/en\/wp-json\/wp\/v2\/pages\/1306\/revisions"}],"predecessor-version":[{"id":26938,"href":"https:\/\/tab-ticketbroker.de\/en\/wp-json\/wp\/v2\/pages\/1306\/revisions\/26938"}],"wp:attachment":[{"href":"https:\/\/tab-ticketbroker.de\/en\/wp-json\/wp\/v2\/media?parent=1306"}],"wp:term":[{"taxonomy":"category","embeddable":true,"href":"https:\/\/tab-ticketbroker.de\/en\/wp-json\/wp\/v2\/categories?post=1306"},{"taxonomy":"post_tag","embeddable":true,"href":"https:\/\/tab-ticketbroker.de\/en\/wp-json\/wp\/v2\/tags?post=1306"}],"curies":[{"name":"wp","href":"https:\/\/api.w.org\/{rel}","templated":true}]}}